{"id":8377,"date":"2025-03-25T17:54:50","date_gmt":"2025-03-25T17:54:50","guid":{"rendered":"https:\/\/etevav.com.br\/new1\/?page_id=8377"},"modified":"2025-03-25T17:54:51","modified_gmt":"2025-03-25T17:54:51","slug":"logistica-2","status":"publish","type":"page","link":"https:\/\/etevav.com.br\/new1\/logistica-2\/","title":{"rendered":"Log\u00edstica"},"content":{"rendered":"\n<p class=\"has-medium-font-size\"><strong>Modalidades ofertadas:<\/strong><\/p>\n\n\n\n<p><strong><a href=\"https:\/\/etevav.com.br\/new1\/logistica-integrado\/\">Log\u00edstica integrado ao Ensino M\u00e9dio \/ M-Tec Manh\u00e3<\/a><\/strong><br>Dura\u00e7\u00e3o: 3 anos<br>Hor\u00e1rio: 7h30 \u00e0s 12h45<\/p>\n\n\n\n<p><strong><a href=\"https:\/\/etevav.com.br\/new1\/logistica-integrado\/\">Log\u00edstica integrado ao Ensino M\u00e9dio \/ M-Tec Noite<\/a><\/strong><br>Dura\u00e7\u00e3o: 3 anos<br>Hor\u00e1rio: 18h25 \u00e0s 22h55<\/p>\n\n\n\n<p><strong><a href=\"https:\/\/etevav.com.br\/new1\/logistica\/\">Log\u00edstica Modular Noturno &#8211; Extens\u00e3o CEMEB Vict\u00f3ria C\u00f4modo Raymundo Fernandes (Itupeva)<\/a><\/strong><br>Dura\u00e7\u00e3o: 18 meses<br>Hor\u00e1rio: 19h00 \u00e0s 22h55<\/p>\n\n\n\n<p><\/p>\n","protected":false},"excerpt":{"rendered":"<p>Modalidades ofertadas: Log\u00edstica integrado ao Ensino M\u00e9dio \/ M-Tec Manh\u00e3Dura\u00e7\u00e3o: 3 anosHor\u00e1rio: 7h30 \u00e0s 12h45 Log\u00edstica integrado ao Ensino M\u00e9dio \/ M-Tec NoiteDura\u00e7\u00e3o: 3 anosHor\u00e1rio: 18h25 \u00e0s 22h55 Log\u00edstica Modular &#8230;<\/p>\n","protected":false},"author":1,"featured_media":0,"parent":0,"menu_order":0,"comment_status":"closed","ping_status":"closed","template":"","meta":{"_eb_attr":"","ngg_post_thumbnail":0,"footnotes":""},"class_list":["post-8377","page","type-page","status-publish","hentry"],"_links":{"self":[{"href":"https:\/\/etevav.com.br\/new1\/wp-json\/wp\/v2\/pages\/8377","targetHints":{"allow":["GET"]}}],"collection":[{"href":"https:\/\/etevav.com.br\/new1\/wp-json\/wp\/v2\/pages"}],"about":[{"href":"https:\/\/etevav.com.br\/new1\/wp-json\/wp\/v2\/types\/page"}],"author":[{"embeddable":true,"href":"https:\/\/etevav.com.br\/new1\/wp-json\/wp\/v2\/users\/1"}],"replies":[{"embeddable":true,"href":"https:\/\/etevav.com.br\/new1\/wp-json\/wp\/v2\/comments?post=8377"}],"version-history":[{"count":1,"href":"https:\/\/etevav.com.br\/new1\/wp-json\/wp\/v2\/pages\/8377\/revisions"}],"predecessor-version":[{"id":8378,"href":"https:\/\/etevav.com.br\/new1\/wp-json\/wp\/v2\/pages\/8377\/revisions\/8378"}],"wp:attachment":[{"href":"https:\/\/etevav.com.br\/new1\/wp-json\/wp\/v2\/media?parent=8377"}],"curies":[{"name":"wp","href":"https:\/\/api.w.org\/{rel}","templated":true}]}}