{"id":7401,"date":"2023-09-06T19:49:15","date_gmt":"2023-09-06T19:49:15","guid":{"rendered":"https:\/\/etevav.com.br\/new1\/?page_id=7401"},"modified":"2025-09-07T14:28:53","modified_gmt":"2025-09-07T14:28:53","slug":"administracao-2","status":"publish","type":"page","link":"https:\/\/etevav.com.br\/new1\/administracao-2\/","title":{"rendered":"Administra\u00e7\u00e3o"},"content":{"rendered":"<div class=\"ead-preview\"><div class=\"ead-document\" style=\"position: relative;padding-top: 90%;\"><div class=\"ead-iframe-wrapper\"><iframe src=\"\/\/docs.google.com\/viewer?url=https%3A%2F%2Fetevav.com.br%2Fnew1%2Fwp-content%2Fuploads%2F2023%2F09%2FFeiraDeProfissoes-adm.pptx&amp;embedded=true&amp;hl=en\" title=\"Embedded Document\" class=\"ead-iframe\" style=\"width: 100%;height: 100%;border: none;position: absolute;left: 0;top: 0;visibility: hidden;\"><\/iframe><\/div>\t\t\t<div class=\"ead-document-loading\" style=\"width:100%;height:100%;position:absolute;left:0;top:0;z-index:10;\">\n\t\t\t\t<div class=\"ead-loading-wrap\">\n\t\t\t\t\t<div class=\"ead-loading-main\">\n\t\t\t\t\t\t<div class=\"ead-loading\">\n\t\t\t\t\t\t\t<img decoding=\"async\" src=\"https:\/\/etevav.com.br\/new1\/wp-content\/plugins\/embed-any-document\/images\/loading.svg\" width=\"55\" height=\"55\" alt=\"Loader\">\n\t\t\t\t\t\t\t<span>Loading&#8230;<\/span>\n\t\t\t\t\t\t<\/div>\n\t\t\t\t\t<\/div>\n\t\t\t\t\t<div class=\"ead-loading-foot\">\n\t\t\t\t\t\t<div class=\"ead-loading-foot-title\">\n\t\t\t\t\t\t\t<img decoding=\"async\" src=\"https:\/\/etevav.com.br\/new1\/wp-content\/plugins\/embed-any-document\/images\/EAD-logo.svg\" alt=\"EAD Logo\" width=\"36\" height=\"23\"\/>\n\t\t\t\t\t\t\t<span>Taking too long?<\/span>\n\t\t\t\t\t\t<\/div>\n\t\t\t\t\t\t<p>\n\t\t\t\t\t\t\t<div class=\"ead-document-btn ead-reload-btn\" role=\"button\">\n\t\t\t\t\t\t\t\t<img decoding=\"async\" src=\"https:\/\/etevav.com.br\/new1\/wp-content\/plugins\/embed-any-document\/images\/reload.svg\" alt=\"Reload\" width=\"12\" height=\"12\"\/> Reload document\t\t\t\t\t\t\t<\/div>\n\t\t\t\t\t\t\t<span>|<\/span>\n\t\t\t\t\t\t\t<a href=\"https:\/\/docs.google.com\/viewer?url=https%3A%2F%2Fetevav.com.br%2Fnew1%2Fwp-content%2Fuploads%2F2023%2F09%2FFeiraDeProfissoes-adm.pptx&#038;hl=en\" class=\"ead-document-btn\" target=\"_blank\">\n\t\t\t\t\t\t\t\t<img loading=\"lazy\" decoding=\"async\" src=\"https:\/\/etevav.com.br\/new1\/wp-content\/plugins\/embed-any-document\/images\/open.svg\" alt=\"Open\" width=\"12\" height=\"12\"\/> Open in new tab\t\t\t\t\t\t\t<\/a>\n\t\t\t\t\t<\/div>\n\t\t\t\t<\/div>\n\t\t\t<\/div>\n\t\t<\/div><\/div>\n\n\n<hr class=\"wp-block-separator has-alpha-channel-opacity\"\/>\n\n\n\n<p class=\"has-medium-font-size\"><strong>Modalidades ofertadas:<\/strong><\/p>\n\n\n\n<p><strong><a href=\"https:\/\/etevav.com.br\/new1\/administracao-integrado-ao-ensino-medio\/\">Administra\u00e7\u00e3o integrado ao Ensino M\u00e9dio \/ M-Tec Manh\u00e3<\/a><\/strong><br>Dura\u00e7\u00e3o: 3 anos<br>Hor\u00e1rio: 7h30 \u00e0s 12h45<\/p>\n\n\n\n<p><strong><a href=\"https:\/\/etevav.com.br\/new1\/administracao-integrado-ao-ensino-medio\/\">Administra\u00e7\u00e3o integrado ao Ensino M\u00e9dio \/ M-Tec Tarde<\/a><\/strong><br>Dura\u00e7\u00e3o: 3 anos<br>Hor\u00e1rio: 13h00 \u00e0s 18h15<\/p>\n\n\n\n<p><strong><a href=\"https:\/\/etevav.com.br\/new1\/administracao\/\">Administra\u00e7\u00e3o Modular Noturno<\/a><\/strong><br>Dura\u00e7\u00e3o: 18 meses<br>Hor\u00e1rio: 19h00 \u00e0s 22h55<\/p>\n\n\n\n<p><\/p>\n","protected":false},"excerpt":{"rendered":"<p>Modalidades ofertadas: Administra\u00e7\u00e3o integrado ao Ensino M\u00e9dio \/ M-Tec Manh\u00e3Dura\u00e7\u00e3o: 3 anosHor\u00e1rio: 7h30 \u00e0s 12h45 Administra\u00e7\u00e3o integrado ao Ensino M\u00e9dio \/ M-Tec TardeDura\u00e7\u00e3o: 3 anosHor\u00e1rio: 13h00 \u00e0s 18h15 Administra\u00e7\u00e3o Modular &#8230;<\/p>\n","protected":false},"author":1,"featured_media":0,"parent":0,"menu_order":0,"comment_status":"closed","ping_status":"closed","template":"","meta":{"_eb_attr":"","ngg_post_thumbnail":0,"footnotes":""},"class_list":["post-7401","page","type-page","status-publish","hentry"],"_links":{"self":[{"href":"https:\/\/etevav.com.br\/new1\/wp-json\/wp\/v2\/pages\/7401","targetHints":{"allow":["GET"]}}],"collection":[{"href":"https:\/\/etevav.com.br\/new1\/wp-json\/wp\/v2\/pages"}],"about":[{"href":"https:\/\/etevav.com.br\/new1\/wp-json\/wp\/v2\/types\/page"}],"author":[{"embeddable":true,"href":"https:\/\/etevav.com.br\/new1\/wp-json\/wp\/v2\/users\/1"}],"replies":[{"embeddable":true,"href":"https:\/\/etevav.com.br\/new1\/wp-json\/wp\/v2\/comments?post=7401"}],"version-history":[{"count":9,"href":"https:\/\/etevav.com.br\/new1\/wp-json\/wp\/v2\/pages\/7401\/revisions"}],"predecessor-version":[{"id":8569,"href":"https:\/\/etevav.com.br\/new1\/wp-json\/wp\/v2\/pages\/7401\/revisions\/8569"}],"wp:attachment":[{"href":"https:\/\/etevav.com.br\/new1\/wp-json\/wp\/v2\/media?parent=7401"}],"curies":[{"name":"wp","href":"https:\/\/api.w.org\/{rel}","templated":true}]}}