{"id":498,"date":"2016-07-26T01:15:16","date_gmt":"2016-07-26T01:15:16","guid":{"rendered":"http:\/\/etevav.com.br\/new1\/?page_id=498"},"modified":"2016-07-26T01:19:39","modified_gmt":"2016-07-26T01:19:39","slug":"tcc","status":"publish","type":"page","link":"https:\/\/etevav.com.br\/new1\/tcc\/","title":{"rendered":"Trabalho de Conclus\u00e3o de Curso (TCC)"},"content":{"rendered":"<p><strong>\u00a0Trabalho de Conclus\u00e3o de Curso das Escolas T\u00e9cnicas do Centro Paula Souza<\/strong><\/p>\n<ul>\n<li><a href=\"http:\/\/etevav.com.br\/new1\/wp-content\/uploads\/2016\/07\/TCC-Manual_para_a_elabora\u00e7\u00e3o_do_Trabalho_de_Conclus\u00e3o_de_Curso_das_Escolas_Tecnicas_do_Centro_Paula_Souza.pdf\">Manual para a elabora\u00e7\u00e3o do Trabalho de Conclus\u00e3o de Curso das Escolas T\u00e9cnicas do Centro Paula Souza<\/a><\/li>\n<li><a href=\"http:\/\/etevav.com.br\/new1\/wp-content\/uploads\/2016\/07\/TCC-Regulamento_Geral_do_Trabalho_de_Conclusao_de_Curso_2015.pdf\">Regulamento Geral do Trabalho de Conclus\u00e3o de Curso<\/a><\/li>\n<li><a href=\"http:\/\/etevav.com.br\/new1\/wp-content\/uploads\/2016\/07\/TCC-Slides_da_Videoconferencia_sobre_TCC_2014.pdf\">Slides da Videoconfer\u00eancia sobre TCC<\/a><\/li>\n<li><a href=\"http:\/\/etevav.com.br\/new1\/wp-content\/uploads\/2016\/07\/TCC-Portaria_N354_25-2-2015.pdf\">Portaria N\u00ba 354, de 25-2-2015<\/a><\/li>\n<\/ul>\n","protected":false},"excerpt":{"rendered":"<p>\u00a0Trabalho de Conclus\u00e3o de Curso das Escolas T\u00e9cnicas do Centro Paula Souza Manual para a elabora\u00e7\u00e3o do Trabalho de Conclus\u00e3o de Curso das Escolas T\u00e9cnicas do Centro Paula Souza Regulamento &#8230;<\/p>\n","protected":false},"author":1,"featured_media":0,"parent":0,"menu_order":0,"comment_status":"closed","ping_status":"closed","template":"","meta":{"_eb_attr":"","ngg_post_thumbnail":0,"footnotes":""},"class_list":["post-498","page","type-page","status-publish","hentry"],"_links":{"self":[{"href":"https:\/\/etevav.com.br\/new1\/wp-json\/wp\/v2\/pages\/498","targetHints":{"allow":["GET"]}}],"collection":[{"href":"https:\/\/etevav.com.br\/new1\/wp-json\/wp\/v2\/pages"}],"about":[{"href":"https:\/\/etevav.com.br\/new1\/wp-json\/wp\/v2\/types\/page"}],"author":[{"embeddable":true,"href":"https:\/\/etevav.com.br\/new1\/wp-json\/wp\/v2\/users\/1"}],"replies":[{"embeddable":true,"href":"https:\/\/etevav.com.br\/new1\/wp-json\/wp\/v2\/comments?post=498"}],"version-history":[{"count":2,"href":"https:\/\/etevav.com.br\/new1\/wp-json\/wp\/v2\/pages\/498\/revisions"}],"predecessor-version":[{"id":504,"href":"https:\/\/etevav.com.br\/new1\/wp-json\/wp\/v2\/pages\/498\/revisions\/504"}],"wp:attachment":[{"href":"https:\/\/etevav.com.br\/new1\/wp-json\/wp\/v2\/media?parent=498"}],"curies":[{"name":"wp","href":"https:\/\/api.w.org\/{rel}","templated":true}]}}