{"id":141,"date":"2016-05-03T00:32:12","date_gmt":"2016-05-03T00:32:12","guid":{"rendered":"http:\/\/etevav.com.br\/new1\/?page_id=141"},"modified":"2016-08-08T21:56:43","modified_gmt":"2016-08-08T21:56:43","slug":"apm","status":"publish","type":"page","link":"https:\/\/etevav.com.br\/new1\/apm\/","title":{"rendered":"Associa\u00e7\u00e3o de Pais e Mestres"},"content":{"rendered":"<p>A Associa\u00e7\u00e3o de Pais e Mestres \u00e9 uma institui\u00e7\u00e3o auxiliar que tem como objetivo colaborar no aprimoramento do processo educacional, na assist\u00eancia ao escolar e na integra\u00e7\u00e3o fam\u00edlia-escola-comunidade, visando a maior participa\u00e7\u00e3o dos pais no processo educativo.<u><\/u><u><\/u><\/p>\n<p>Contribuir com a APM \u00e9 sin\u00f4nimo de coopera\u00e7\u00e3o, para que sejam mantidos e aprimorados os servi\u00e7os prestados pela escola a comunidade escolar.<u><\/u><u><\/u><\/p>\n<p>A APM est\u00e1 sempre a disposi\u00e7\u00e3o para receber sua visita e sugest\u00f5es para a melhoria cont\u00ednua de todos os processos e servi\u00e7os.<u><\/u><u><\/u><\/p>\n<p>Este site \u00e9 mantido com verba da APM, colabore, seja cidad\u00e3o.<u><\/u><u><\/u><\/p>\n<p>\u201cO cidad\u00e3o \u00e9 o indiv\u00edduo que tem consci\u00eancia de seus direitos e deveres e participa ativamente de todas as quest\u00f5es da sociedade. Tudo o que acontece no mundo, seja no meu pa\u00eds, na minha cidade ou no meu bairro, acontece comigo. Ent\u00e3o eu preciso participar das decis\u00f5es que interferem na minha vida. Um cidad\u00e3o com um sentimento \u00e9tico forte e consci\u00eancia da cidadania n\u00e3o deixa passar nada, n\u00e3o abre m\u00e3o desse poder de participa\u00e7\u00e3o.\u201d<u><\/u><u><\/u><\/p>\n<p style=\"padding-left: 30px;\">(SOUZA, Herbert \u2013 Betinho \u2013 \u00c9tica e Cidadania. S\u00e3o Paulo. Moderna, 1994)<\/p>\n","protected":false},"excerpt":{"rendered":"<p>A Associa\u00e7\u00e3o de Pais e Mestres \u00e9 uma institui\u00e7\u00e3o auxiliar que tem como objetivo colaborar no aprimoramento do processo educacional, na assist\u00eancia ao escolar e na integra\u00e7\u00e3o fam\u00edlia-escola-comunidade, visando a &#8230;<\/p>\n","protected":false},"author":1,"featured_media":0,"parent":0,"menu_order":0,"comment_status":"closed","ping_status":"closed","template":"","meta":{"_eb_attr":"","ngg_post_thumbnail":0,"footnotes":""},"class_list":["post-141","page","type-page","status-publish","hentry"],"_links":{"self":[{"href":"https:\/\/etevav.com.br\/new1\/wp-json\/wp\/v2\/pages\/141","targetHints":{"allow":["GET"]}}],"collection":[{"href":"https:\/\/etevav.com.br\/new1\/wp-json\/wp\/v2\/pages"}],"about":[{"href":"https:\/\/etevav.com.br\/new1\/wp-json\/wp\/v2\/types\/page"}],"author":[{"embeddable":true,"href":"https:\/\/etevav.com.br\/new1\/wp-json\/wp\/v2\/users\/1"}],"replies":[{"embeddable":true,"href":"https:\/\/etevav.com.br\/new1\/wp-json\/wp\/v2\/comments?post=141"}],"version-history":[{"count":2,"href":"https:\/\/etevav.com.br\/new1\/wp-json\/wp\/v2\/pages\/141\/revisions"}],"predecessor-version":[{"id":530,"href":"https:\/\/etevav.com.br\/new1\/wp-json\/wp\/v2\/pages\/141\/revisions\/530"}],"wp:attachment":[{"href":"https:\/\/etevav.com.br\/new1\/wp-json\/wp\/v2\/media?parent=141"}],"curies":[{"name":"wp","href":"https:\/\/api.w.org\/{rel}","templated":true}]}}